{"id":7,"date":"2022-03-02T12:20:48","date_gmt":"2022-03-02T12:20:48","guid":{"rendered":"http:\/\/bbchan.deyvson.com.br\/?page_id=7"},"modified":"2022-06-27T21:12:10","modified_gmt":"2022-06-27T21:12:10","slug":"quem-somos","status":"publish","type":"page","link":"http:\/\/bbchan.deyvson.com.br\/es\/quem-somos\/","title":{"rendered":"Sobre a BBChain"},"content":{"rendered":"<!-- wp:paragraph -->\r\n<p><strong>A BBChain<\/strong>, considerada a maior empresa de blockchain da Am\u00e9rica Latina, de acordo com o relat\u00f3rio <strong>Gartner 2020<\/strong>, nasceu em 2018 no laborat\u00f3rio de computa\u00e7\u00e3o distribu\u00edda sediado na Escola Polit\u00e9cnica da Universidade de S\u00e3o Paulo.<\/p>\r\n<!-- \/wp:paragraph -->\r\n\r\n<!-- wp:paragraph -->\r\n<p>Nossa miss\u00e3o \u00e9 oferecer ao mercado uma gama completa de servi\u00e7os e produtos para orientar as empresas na implementa\u00e7\u00e3o de solu\u00e7\u00f5es baseadas em tecnologias exponenciais, como blockchain.<\/p>\r\n<!-- \/wp:paragraph -->\r\n\r\n<!-- wp:paragraph -->\r\n<p>Nascemos numa sala pequena e emprestada, mas n\u00e3o menos especial. Desde a nossa cria\u00e7\u00e3o multiplicamos a quantidade de projetos, ampliamos nossa carteira de clientes, diversificamos nossas ofertas de servi\u00e7os, desenvolvemos produtos e aumentamos exponencialmente o n\u00famero de BBChainers.<\/p>\r\n<!-- \/wp:paragraph -->\r\n\r\n<!-- wp:paragraph -->\r\n<p><strong>Deixamos de ser uma startup e passamos a ser uma empresa de tecnologia blockchain<\/strong>!<\/p>\r\n<!-- \/wp:paragraph -->\r\n\r\n<!-- wp:paragraph -->\r\n<p>Hoje somos uma empresa do <a href=\"https:\/\/www.pitang.com\/\" target=\"_blank\" rel=\"noopener\" data-type=\"URL\" data-id=\"https:\/\/www.pitang.com\/\">Grupo Pitang<\/a>, e temos muito orgulho de fazer parte desse time.\u00a0<\/p>\r\n<!-- \/wp:paragraph -->\r\n\r\n<!-- wp:paragraph -->\r\n<p>Para os pr\u00f3ximos anos vamos continuar crescendo e evoluindo.<\/p>\r\n<!-- \/wp:paragraph -->\r\n\r\n<!-- wp:paragraph -->\r\n<p>Levaremos a marca BBChain, e o desenvolvimento de solu\u00e7\u00f5es e arquitetura blockchain ao mundo.<\/p>\r\n<!-- \/wp:paragraph -->\r\n\r\n<!-- wp:heading {\"level\":3} -->\r\n<h3>BBChain \u2013 Transformar para Evoluir!<\/h3>\r\n<!-- \/wp:heading -->\r\n\r\n<!-- wp:paragraph -->\r\n<p>&nbsp;<\/p>\r\n<!-- \/wp:paragraph -->","protected":false},"excerpt":{"rendered":"<p>A BBChain, considerada a maior empresa de blockchain da Am\u00e9rica Latina, de acordo com o [&hellip;]<\/p>\n","protected":false},"author":1,"featured_media":87,"parent":0,"menu_order":0,"comment_status":"closed","ping_status":"closed","template":"quem-somos.php","meta":{"_acf_changed":false,"footnotes":""},"class_list":["post-7","page","type-page","status-publish","has-post-thumbnail","hentry"],"acf":[],"_links":{"self":[{"href":"http:\/\/bbchan.deyvson.com.br\/es\/wp-json\/wp\/v2\/pages\/7","targetHints":{"allow":["GET"]}}],"collection":[{"href":"http:\/\/bbchan.deyvson.com.br\/es\/wp-json\/wp\/v2\/pages"}],"about":[{"href":"http:\/\/bbchan.deyvson.com.br\/es\/wp-json\/wp\/v2\/types\/page"}],"author":[{"embeddable":true,"href":"http:\/\/bbchan.deyvson.com.br\/es\/wp-json\/wp\/v2\/users\/1"}],"replies":[{"embeddable":true,"href":"http:\/\/bbchan.deyvson.com.br\/es\/wp-json\/wp\/v2\/comments?post=7"}],"version-history":[{"count":54,"href":"http:\/\/bbchan.deyvson.com.br\/es\/wp-json\/wp\/v2\/pages\/7\/revisions"}],"predecessor-version":[{"id":344,"href":"http:\/\/bbchan.deyvson.com.br\/es\/wp-json\/wp\/v2\/pages\/7\/revisions\/344"}],"wp:featuredmedia":[{"embeddable":true,"href":"http:\/\/bbchan.deyvson.com.br\/es\/wp-json\/wp\/v2\/media\/87"}],"wp:attachment":[{"href":"http:\/\/bbchan.deyvson.com.br\/es\/wp-json\/wp\/v2\/media?parent=7"}],"curies":[{"name":"wp","href":"https:\/\/api.w.org\/{rel}","templated":true}]}}